{"id":343,"date":"2014-08-29T15:42:38","date_gmt":"2014-08-29T21:42:38","guid":{"rendered":"http:\/\/www.pixart.com.mx\/w\/?page_id=343"},"modified":"2022-01-16T17:03:51","modified_gmt":"2022-01-16T23:03:51","slug":"aviso-de-privacidad","status":"publish","type":"page","link":"https:\/\/www.pixart360.com\/w\/aviso-de-privacidad\/","title":{"rendered":"Aviso de Privacidad"},"content":{"rendered":"\t\t<div data-elementor-type=\"wp-post\" data-elementor-id=\"343\" class=\"elementor elementor-343\" data-elementor-post-type=\"page\">\n\t\t\t\t\t\t<section class=\"elementor-section elementor-top-section elementor-element elementor-element-dcc7b09 elementor-section-stretched elementor-section-boxed elementor-section-height-default elementor-section-height-default elementor-invisible\" data-id=\"dcc7b09\" data-element_type=\"section\" data-e-type=\"section\" data-settings=\"{&quot;background_background&quot;:&quot;classic&quot;,&quot;stretch_section&quot;:&quot;section-stretched&quot;,&quot;shape_divider_bottom&quot;:&quot;pyramids&quot;,&quot;shape_divider_bottom_negative&quot;:&quot;yes&quot;,&quot;animation&quot;:&quot;fadeInDown&quot;}\">\n\t\t\t\t\t<div class=\"elementor-shape elementor-shape-bottom\" aria-hidden=\"true\" data-negative=\"true\">\n\t\t\t<svg xmlns=\"http:\/\/www.w3.org\/2000\/svg\" viewBox=\"0 0 1000 100\" preserveAspectRatio=\"none\">\n\t<path class=\"elementor-shape-fill\" d=\"M761.9,40.6L643.1,24L333.9,93.8L0.1,1H0v99h1000V1\"\/>\n<\/svg>\t\t<\/div>\n\t\t\t\t\t<div class=\"elementor-container elementor-column-gap-default\">\n\t\t\t\t\t<div class=\"elementor-column elementor-col-100 elementor-top-column elementor-element elementor-element-73909b4\" data-id=\"73909b4\" data-element_type=\"column\" data-e-type=\"column\">\n\t\t\t<div class=\"elementor-widget-wrap elementor-element-populated\">\n\t\t\t\t\t\t<div class=\"elementor-element elementor-element-7920c3a elementor-widget elementor-widget-heading\" data-id=\"7920c3a\" data-element_type=\"widget\" data-e-type=\"widget\" data-widget_type=\"heading.default\">\n\t\t\t\t<div class=\"elementor-widget-container\">\n\t\t\t\t\t<h1 class=\"elementor-heading-title elementor-size-default\">AVISO DE PRIVACIDAD<\/h1>\t\t\t\t<\/div>\n\t\t\t\t<\/div>\n\t\t\t\t\t<\/div>\n\t\t<\/div>\n\t\t\t\t\t<\/div>\n\t\t<\/section>\n\t\t\t\t<section class=\"elementor-section elementor-top-section elementor-element elementor-element-23466f2 elementor-section-stretched elementor-section-full_width elementor-section-height-default elementor-section-height-default elementor-invisible\" data-id=\"23466f2\" data-element_type=\"section\" data-e-type=\"section\" data-settings=\"{&quot;stretch_section&quot;:&quot;section-stretched&quot;,&quot;background_background&quot;:&quot;classic&quot;,&quot;animation&quot;:&quot;fadeIn&quot;}\">\n\t\t\t\t\t\t<div class=\"elementor-container elementor-column-gap-default\">\n\t\t\t\t\t<div class=\"elementor-column elementor-col-100 elementor-top-column elementor-element elementor-element-40a6dfc\" data-id=\"40a6dfc\" data-element_type=\"column\" data-e-type=\"column\">\n\t\t\t<div class=\"elementor-widget-wrap elementor-element-populated\">\n\t\t\t\t\t\t<div class=\"elementor-element elementor-element-780a0235 elementor-widget elementor-widget-text-editor\" data-id=\"780a0235\" data-element_type=\"widget\" data-e-type=\"widget\" data-widget_type=\"text-editor.default\">\n\t\t\t\t<div class=\"elementor-widget-container\">\n\t\t\t\t\t\t\t\t\t<p>Aviso de Privacidad modificado el d\u00eda 1 de abril de 2016.<\/p><p><strong>Nuestra informaci\u00f3n<\/strong><\/p><p>Pixart360, (en adelante denominado \u201cPIXART\u201d), se compromete a asegurar la privacidad de la informaci\u00f3n personal obtenida a trav\u00e9s de su sitio web www.pixart360.com. Somos una sociedad constituida de conformidad con las leyes de los Estados Unidos Mexicanos con domicilio en M\u00e9xico D.F.<\/p><p>Nuestro responsable de protecci\u00f3n de datos es el Lic. Jaime Var\u00f3n y usted podr\u00e1 contactarlo en el <a href=\"https:\/\/www.pixart360.com\/w\/contacto\/\">correo electr\u00f3nico<\/a>\u00a0y tel\u00e9fono (55) 5531-0573.<\/p><p><strong>\u00bfQu\u00e9 informaci\u00f3n recabamos?<\/strong><\/p><p>En www.pixart360.com recogemos informaci\u00f3n de diferentes maneras, desde diferentes \u00e1reas de nuestro sitio Web. Se sujeta a las normas de seguridad y privacidad toda aquella informaci\u00f3n personal que el usuario ingrese voluntariamente en nuestro sitio Web.<\/p><p>Entre los datos personales que PIXART puede solicitarle se encuentran: nombre completo, correo electr\u00f3nico, domicilio, n\u00famero de tel\u00e9fono, n\u00famero de m\u00f3vil, firma, fecha de nacimiento, g\u00e9nero, nacionalidad, RFC, empresa, ocupaci\u00f3n, nivel de escolaridad, datos de tarjeta bancaria y\/o datos de cuenta bancaria, entre otros.<\/p><p><strong>\u00bfQU\u00c9 SON LOS COOKIES Y C\u00d3MO SE UTILIZAN?<\/strong><\/p><p>Los Cookies son peque\u00f1as piezas de informaci\u00f3n que son enviadas por el sitio Web a su navegador.<\/p><p>Las Cookies, se almacenan en el disco duro de su equipo y se utilizan para determinar sus preferencias cuando se conecta a los servicios de nuestro portal, as\u00ed como para rastrear determinados comportamientos o actividades llevadas a cabo por usted dentro de nuestra p\u00e1gina Web.<\/p><p>Tambi\u00e9n nos permiten reconocerlo al momento de ingresar a nuestro sitio Web, detectar el ancho de banda que ha seleccionado para ingresar al home page de nuestra p\u00e1gina Web y saber, que informaci\u00f3n es aconsejable destacar, calcular el tama\u00f1o de audiencia y medir algunos par\u00e1metros de tr\u00e1fico.<\/p><p>La utilizaci\u00f3n de cookies no ser\u00e1 utilizada para identificar a los usuarios, con excepci\u00f3n de los casos en que se investiguen posibles actividades fraudulentas.<\/p><p><strong>\u00bfPara qu\u00e9 usamos su informaci\u00f3n?<\/strong><\/p><p>Utilizamos la informaci\u00f3n suministrada durante el proceso de registro, inscripci\u00f3n a alg\u00fan programa y promociones para realizar estudios internos sobre los datos demogr\u00e1ficos, intereses y comportamiento de nuestros usuarios en conjunto. El objetivo m\u00e1s importante, es conocer a nuestros visitantes para poder proporcionarles productos o servicios acordes a sus necesidades, as\u00ed como contenidos y publicidad m\u00e1s adecuados.<\/p><p>Adicionalmente dar cumplimiento a obligaciones contra\u00eddas con nuestros clientes, informar sobre cambios de nuestros productos o servicios, proveer una mejor atenci\u00f3n al usuario.<\/p><p>Adem\u00e1s:<\/p><p>El funcionamiento, gesti\u00f3n, administraci\u00f3n, prestaci\u00f3n, ampliaci\u00f3n de los servicios proporcionados por PIXART.<\/p><p>La negociaci\u00f3n, inicio, cumplimiento, mantenimiento y terminaci\u00f3n de la relaci\u00f3n entre PIXART y el titular de los datos, as\u00ed como la de PIXART con terceros.<\/p><p>La mejora de los servicios proporcionados por PIXART.<\/p><p>El otorgamiento a los titulares de los datos del acceso al sitio Web de PIXART y\/o del sistema.<\/p><p>Entrega de boletines informativos relacionados con los servicios que prestamos.<\/p><p>Entrega de notificaciones, requerimientos, cartas o atenci\u00f3n a sus solicitudes relacionadas con los servicios que prestamos.<\/p><p>La prevenci\u00f3n o denuncia en la comisi\u00f3n de actos o hechos il\u00edcitos.<\/p><p><strong>Limitaci\u00f3n de Uso y Divulgaci\u00f3n de la Informaci\u00f3n<\/strong><\/p><p>PIXART, para cumplir la(s) finalidad(es) anteriormente descrita(s) podr\u00e1 comunicar a terceros la informaci\u00f3n recopilada de usted.<\/p><p>A Instituciones Bancarias y dem\u00e1s proveedores relacionados, en virtud del procesamiento de pagos.<\/p><p>A personas relacionados con PIXART para fines de comprobaci\u00f3n, revisi\u00f3n y certificaci\u00f3n en materia fiscal y administrativa.<\/p><p>A proveedores que asisten a PIXART para el efectivo cumplimiento de los Servicios.<\/p><p>A terceros para dar cumplimiento a la legislaci\u00f3n aplicable y\/o resoluciones judiciales o administrativas.<\/p><p>A la autoridad competente cuando lo requiera.<\/p><p>A terceros para proteger la prestaci\u00f3n de los Servicios, seguridad, derechos y\/o intereses de usted, del personal, de clientes y\/o proveedores PIXART o del p\u00fablico en general.<\/p><p>A terceros que requieran informaci\u00f3n para el ejercicio de un derecho o de una acci\u00f3n.<\/p><p>A instituciones nacionales e internacionales reguladoras de los Servicios.<\/p><p>En nuestro programa de notificaci\u00f3n de promociones, ofertas y servicios a trav\u00e9s de correo electr\u00f3nico, s\u00f3lo PIXART tiene acceso a la informaci\u00f3n recabada. Este tipo de publicidad se realiza mediante avisos y mensajes promocionales de correo electr\u00f3nico, los cuales s\u00f3lo ser\u00e1n enviados a usted y a aquellos contactos registrados para tal prop\u00f3sito, esta indicaci\u00f3n podr\u00e1 usted modificarla en cualquier momento. En los correos electr\u00f3nicos enviados, pueden incluirse ocasionalmente ofertas de terceras partes que sean nuestros socios comerciales.<\/p><p><strong>Revocaci\u00f3n del consentimiento<\/strong><\/p><p>En caso de que sus datos personales sean utilizados para alguna actividad no necesaria para la prestaci\u00f3n del servicio, usted podr\u00e1 llevar a cabo en cualquier momento la revocaci\u00f3n de su consentimiento. Para realizar la revocaci\u00f3n ser\u00e1 necesario que usted lo solicite ante el encargado de privacidad de PIXART mediante el env\u00edo de un correo electr\u00f3nico\u00a0<a href=\"https:\/\/www.pixart360.com\/w\/contacto\/\">aqu\u00ed<\/a>.<\/p><p><strong>DERECHOS ARCO (ACCESO, RECTIFICACI\u00d3N, CANCELACI\u00d3N Y OPOSICI\u00d3N)<\/strong><\/p><p>Los datos personales proporcionados por el usuario formar\u00e1n parte de un archivo que contendr\u00e1 su perfil. El usuario puede acceder o modificar su perfil en cualquier momento utilizando su n\u00famero de usuario\/socio o envi\u00e1ndonos un correo.<\/p><p>Asimismo podr\u00e1 notificarnos la cancelaci\u00f3n del tratamiento de informaci\u00f3n y la cancelaci\u00f3n de su expediente, por los mismos medios o comunic\u00e1ndose al tel\u00e9fono (55) 5531-0573.<\/p><p>PIXART aconseja al usuario que actualice sus datos cada vez que \u00e9stos sufran alguna modificaci\u00f3n, ya que esto permitir\u00e1 brindarle un servicio m\u00e1s personalizado.<\/p><p><strong>Protecci\u00f3n<\/strong><\/p><p>La seguridad y la confidencialidad de los datos que los usuarios proporcionen al contratar un servicio o comprar un producto en l\u00ednea estar\u00e1n protegidos por un servidor seguro bajo el protocolo Secure Socket Layer (SSL), de tal forma que los datos enviados se transmitir\u00e1n encriptados para asegurar su resguardo.<\/p><p>Para verificar que se encuentra en un entorno protegido aseg\u00farese de que aparezca una S en la barra de navegaci\u00f3n. Ejemplo: httpS:\/\/.<\/p><p>Sin embargo, y a pesar de contar cada d\u00eda con herramientas m\u00e1s seguras, la protecci\u00f3n de los datos enviados a trav\u00e9s de Internet no se puede garantizar al 100%; por lo que una vez recibidos, se har\u00e1 todo lo posible por salvaguardar la informaci\u00f3n.<\/p><p><strong>CAMBIOS EN EL AVISO DE PRIVACIDAD<\/strong><\/p><p>Nos reservamos el derecho de efectuar en cualquier momento modificaciones o actualizaciones al presente aviso de privacidad, para la atenci\u00f3n de novedades legislativas o jurisprudenciales, pol\u00edticas internas, nuevos requerimientos para la prestaci\u00f3n u ofrecimiento de nuestros servicios o productos y pr\u00e1cticas del mercado.<\/p><p>Estas modificaciones estar\u00e1n disponibles al p\u00fablico a trav\u00e9s de nuestra p\u00e1gina www.pixart360.com o mediante correo electr\u00f3nico a la direcci\u00f3n que para tales efectos PIXART mantenga registrada.<\/p><p><strong>ACEPTACI\u00d3N DE LOS T\u00c9RMINOS<\/strong><\/p><p>Esta declaraci\u00f3n de Confidencialidad \/ Privacidad est\u00e1 sujeta a los t\u00e9rminos y condiciones de todos los sitios web de PIXART antes descritos, lo cual constituye un acuerdo legal entre el usuario y PIXART.<\/p><p>Si el usuario utiliza los servicios en cualquiera de los sitios de PIXART, significa que ha le\u00eddo, entendido y acordado los t\u00e9rminos antes expuestos. Si no est\u00e1 de acuerdo con ellos, el usuario no deber\u00e1 proporcionar ninguna informaci\u00f3n personal, ni utilizar los servicios de los sitios de PIXART.<\/p>\t\t\t\t\t\t\t\t<\/div>\n\t\t\t\t<\/div>\n\t\t\t\t\t<\/div>\n\t\t<\/div>\n\t\t\t\t\t<\/div>\n\t\t<\/section>\n\t\t\t\t<section class=\"elementor-section elementor-top-section elementor-element elementor-element-b7d776d elementor-section-stretched elementor-section-boxed elementor-section-height-default elementor-section-height-default elementor-invisible\" data-id=\"b7d776d\" data-element_type=\"section\" data-e-type=\"section\" data-settings=\"{&quot;stretch_section&quot;:&quot;section-stretched&quot;,&quot;background_background&quot;:&quot;classic&quot;,&quot;shape_divider_top&quot;:&quot;pyramids&quot;,&quot;shape_divider_top_negative&quot;:&quot;yes&quot;,&quot;animation&quot;:&quot;fadeInUp&quot;}\">\n\t\t\t\t\t<div class=\"elementor-shape elementor-shape-top\" aria-hidden=\"true\" data-negative=\"true\">\n\t\t\t<svg xmlns=\"http:\/\/www.w3.org\/2000\/svg\" viewBox=\"0 0 1000 100\" preserveAspectRatio=\"none\">\n\t<path class=\"elementor-shape-fill\" d=\"M761.9,40.6L643.1,24L333.9,93.8L0.1,1H0v99h1000V1\"\/>\n<\/svg>\t\t<\/div>\n\t\t\t\t\t<div class=\"elementor-container elementor-column-gap-default\">\n\t\t\t\t\t<div class=\"elementor-column elementor-col-100 elementor-top-column elementor-element elementor-element-8c64c77\" data-id=\"8c64c77\" data-element_type=\"column\" data-e-type=\"column\">\n\t\t\t<div class=\"elementor-widget-wrap\">\n\t\t\t\t\t\t\t<\/div>\n\t\t<\/div>\n\t\t\t\t\t<\/div>\n\t\t<\/section>\n\t\t\t\t<\/div>\n\t\t<script language='javascript' type='text\/javascript'>function getWR360PopupSkin(){return 'light_clean';}<\/script>","protected":false},"excerpt":{"rendered":"<p>AVISO DE PRIVACIDAD Aviso de Privacidad modificado el d\u00eda 1 de abril de 2016. Nuestra informaci\u00f3n Pixart360, (en adelante denominado \u201cPIXART\u201d), se compromete a asegurar la privacidad de la informaci\u00f3n personal obtenida a trav\u00e9s de su sitio web www.pixart360.com. Somos una sociedad constituida de conformidad con las leyes de los Estados Unidos Mexicanos con domicilio [&hellip;]<\/p>\n","protected":false},"author":1,"featured_media":0,"parent":0,"menu_order":0,"comment_status":"closed","ping_status":"closed","template":"elementor_header_footer","meta":{"ngg_post_thumbnail":0,"ocean_post_layout":"","ocean_both_sidebars_style":"","ocean_both_sidebars_content_width":0,"ocean_both_sidebars_sidebars_width":0,"ocean_sidebar":"0","ocean_second_sidebar":"0","ocean_disable_margins":"enable","ocean_add_body_class":"","ocean_shortcode_before_top_bar":"","ocean_shortcode_after_top_bar":"","ocean_shortcode_before_header":"","ocean_shortcode_after_header":"","ocean_has_shortcode":"","ocean_shortcode_after_title":"","ocean_shortcode_before_footer_widgets":"","ocean_shortcode_after_footer_widgets":"","ocean_shortcode_before_footer_bottom":"","ocean_shortcode_after_footer_bottom":"","ocean_display_top_bar":"default","ocean_display_header":"default","ocean_header_style":"","ocean_center_header_left_menu":"0","ocean_custom_header_template":"0","ocean_custom_logo":0,"ocean_custom_retina_logo":0,"ocean_custom_logo_max_width":0,"ocean_custom_logo_tablet_max_width":0,"ocean_custom_logo_mobile_max_width":0,"ocean_custom_logo_max_height":0,"ocean_custom_logo_tablet_max_height":0,"ocean_custom_logo_mobile_max_height":0,"ocean_header_custom_menu":"0","ocean_menu_typo_font_family":"0","ocean_menu_typo_font_subset":"","ocean_menu_typo_font_size":0,"ocean_menu_typo_font_size_tablet":0,"ocean_menu_typo_font_size_mobile":0,"ocean_menu_typo_font_size_unit":"px","ocean_menu_typo_font_weight":"","ocean_menu_typo_font_weight_tablet":"","ocean_menu_typo_font_weight_mobile":"","ocean_menu_typo_transform":"","ocean_menu_typo_transform_tablet":"","ocean_menu_typo_transform_mobile":"","ocean_menu_typo_line_height":0,"ocean_menu_typo_line_height_tablet":0,"ocean_menu_typo_line_height_mobile":0,"ocean_menu_typo_line_height_unit":"","ocean_menu_typo_spacing":0,"ocean_menu_typo_spacing_tablet":0,"ocean_menu_typo_spacing_mobile":0,"ocean_menu_typo_spacing_unit":"","ocean_menu_link_color":"","ocean_menu_link_color_hover":"","ocean_menu_link_color_active":"","ocean_menu_link_background":"","ocean_menu_link_hover_background":"","ocean_menu_link_active_background":"","ocean_menu_social_links_bg":"","ocean_menu_social_hover_links_bg":"","ocean_menu_social_links_color":"","ocean_menu_social_hover_links_color":"","ocean_disable_title":"on","ocean_disable_heading":"default","ocean_post_title":"","ocean_post_subheading":"","ocean_post_title_style":"","ocean_post_title_background_color":"","ocean_post_title_background":0,"ocean_post_title_bg_image_position":"","ocean_post_title_bg_image_attachment":"","ocean_post_title_bg_image_repeat":"","ocean_post_title_bg_image_size":"","ocean_post_title_height":0,"ocean_post_title_bg_overlay":0.5,"ocean_post_title_bg_overlay_color":"","ocean_disable_breadcrumbs":"off","ocean_breadcrumbs_color":"","ocean_breadcrumbs_separator_color":"","ocean_breadcrumbs_links_color":"","ocean_breadcrumbs_links_hover_color":"","ocean_display_footer_widgets":"default","ocean_display_footer_bottom":"default","ocean_custom_footer_template":"0","footnotes":""},"class_list":["post-343","page","type-page","status-publish","hentry","entry"],"_links":{"self":[{"href":"https:\/\/www.pixart360.com\/w\/wp-json\/wp\/v2\/pages\/343","targetHints":{"allow":["GET"]}}],"collection":[{"href":"https:\/\/www.pixart360.com\/w\/wp-json\/wp\/v2\/pages"}],"about":[{"href":"https:\/\/www.pixart360.com\/w\/wp-json\/wp\/v2\/types\/page"}],"author":[{"embeddable":true,"href":"https:\/\/www.pixart360.com\/w\/wp-json\/wp\/v2\/users\/1"}],"replies":[{"embeddable":true,"href":"https:\/\/www.pixart360.com\/w\/wp-json\/wp\/v2\/comments?post=343"}],"version-history":[{"count":20,"href":"https:\/\/www.pixart360.com\/w\/wp-json\/wp\/v2\/pages\/343\/revisions"}],"predecessor-version":[{"id":18101,"href":"https:\/\/www.pixart360.com\/w\/wp-json\/wp\/v2\/pages\/343\/revisions\/18101"}],"wp:attachment":[{"href":"https:\/\/www.pixart360.com\/w\/wp-json\/wp\/v2\/media?parent=343"}],"curies":[{"name":"wp","href":"https:\/\/api.w.org\/{rel}","templated":true}]}}